{"id":695,"date":"2024-08-14T09:11:43","date_gmt":"2024-08-14T09:11:43","guid":{"rendered":"https:\/\/wordpress.genac-bignac.fr\/accueil\/?page_id=695"},"modified":"2026-01-16T15:20:17","modified_gmt":"2026-01-16T15:20:17","slug":"accueil","status":"publish","type":"page","link":"https:\/\/www.genac-bignac.fr\/accueil\/","title":{"rendered":"Accueil"},"content":{"rendered":"<p><img fetchpriority=\"high\" decoding=\"async\" width=\"256\" height=\"256\" src=\"https:\/\/www.genac-bignac.fr\/wp-content\/uploads\/2024\/07\/EnConstruction.jpg\" alt=\"\" srcset=\"https:\/\/www.genac-bignac.fr\/wp-content\/uploads\/2024\/07\/EnConstruction.jpg 256w, https:\/\/www.genac-bignac.fr\/wp-content\/uploads\/2024\/07\/EnConstruction-150x150.jpg 150w\" sizes=\"(max-width: 256px) 100vw, 256px\" \/><br \/>\n\t\thttps:\/\/wordpress.genac-bignac.fr\/wp-content\/uploads\/2024\/08\/Video-sans-titre2.mp4<\/p>\n<p data-sourcepos=\"29:1-29:41\"><strong>Notre site internet fait peau neuve !<\/strong><\/p>\n<p data-sourcepos=\"31:1-31:280\">Nous sommes ravis de vous annoncer que notre site internet va conna\u00eetre une refonte compl\u00e8te. Ce changement, motiv\u00e9 par notre volont\u00e9 de vous offrir un service toujours plus performant, nous permettra de b\u00e9n\u00e9ficier d&rsquo;une infrastructure plus stable et de nouvelles fonctionnalit\u00e9s.<\/p>\n<p data-sourcepos=\"33:1-33:3\"><strong>Un site internet :<\/strong><\/p>\n<ul data-sourcepos=\"35:1-37:0\">\n<li data-sourcepos=\"35:1-35:121\"><strong>Plus moderne et intuitif :<\/strong> une navigation simplifi\u00e9e pour trouver rapidement les informations qui vous int\u00e9ressent.<\/li>\n<li data-sourcepos=\"36:1-37:0\"><strong>Plus riche en contenus :<\/strong> des actualit\u00e9s r\u00e9guli\u00e8res.<\/li>\n<\/ul>\n<p data-sourcepos=\"38:1-39:176\"><strong>Votre avis nous int\u00e9resse !<\/strong><\/p>\n<p data-sourcepos=\"38:1-39:176\">N&rsquo;h\u00e9sitez pas \u00e0 nous faire part de vos suggestions d&rsquo;am\u00e9lioration via notre page <a href=\"https:\/\/wordpress.genac-bignac.fr\/accueil\/contact\/\">contact<\/a>. Vos retours nous aideront \u00e0 cr\u00e9er un site internet qui r\u00e9pond au mieux \u00e0 vos attentes.<\/p>\n<p data-sourcepos=\"41:1-41:59\">Nous vous remercions de votre patience pendant ces travaux.<\/p>\n","protected":false},"excerpt":{"rendered":"<p>https:\/\/wordpress.genac-bignac.fr\/wp-content\/uploads\/2024\/08\/Video-sans-titre2.mp4 Notre site internet fait peau neuve ! Nous sommes ravis de vous annoncer que notre site internet va conna\u00eetre une refonte compl\u00e8te. Ce changement, motiv\u00e9 par notre volont\u00e9 de vous offrir un service toujours plus performant, nous permettra de b\u00e9n\u00e9ficier d&rsquo;une infrastructure plus stable et de nouvelles fonctionnalit\u00e9s. Un site internet : Plus moderne [&hellip;]<\/p>\n","protected":false},"author":1,"featured_media":0,"parent":0,"menu_order":0,"comment_status":"closed","ping_status":"closed","template":"","meta":{"footnotes":""},"class_list":["post-695","page","type-page","status-publish","hentry"],"_links":{"self":[{"href":"https:\/\/www.genac-bignac.fr\/accueil\/wp-json\/wp\/v2\/pages\/695","targetHints":{"allow":["GET"]}}],"collection":[{"href":"https:\/\/www.genac-bignac.fr\/accueil\/wp-json\/wp\/v2\/pages"}],"about":[{"href":"https:\/\/www.genac-bignac.fr\/accueil\/wp-json\/wp\/v2\/types\/page"}],"author":[{"embeddable":true,"href":"https:\/\/www.genac-bignac.fr\/accueil\/wp-json\/wp\/v2\/users\/1"}],"replies":[{"embeddable":true,"href":"https:\/\/www.genac-bignac.fr\/accueil\/wp-json\/wp\/v2\/comments?post=695"}],"version-history":[{"count":16,"href":"https:\/\/www.genac-bignac.fr\/accueil\/wp-json\/wp\/v2\/pages\/695\/revisions"}],"predecessor-version":[{"id":2189,"href":"https:\/\/www.genac-bignac.fr\/accueil\/wp-json\/wp\/v2\/pages\/695\/revisions\/2189"}],"wp:attachment":[{"href":"https:\/\/www.genac-bignac.fr\/accueil\/wp-json\/wp\/v2\/media?parent=695"}],"curies":[{"name":"wp","href":"https:\/\/api.w.org\/{rel}","templated":true}]}}